{"id":546,"date":"2023-03-02T08:44:10","date_gmt":"2023-03-02T07:44:10","guid":{"rendered":"https:\/\/elena-khmeleva-art.com\/index.php\/about\/"},"modified":"2023-08-27T12:09:09","modified_gmt":"2023-08-27T10:09:09","slug":"a-propos","status":"publish","type":"page","link":"https:\/\/elena-khmeleva-art.com\/index.php\/a-propos\/","title":{"rendered":"\u00c0 propos"},"content":{"rendered":"\t\t<div data-elementor-type=\"wp-page\" data-elementor-id=\"546\" class=\"elementor elementor-546\">\n\t\t\t\t\t\t\t\t\t<section class=\"elementor-section elementor-top-section elementor-element elementor-element-7197ba2 elementor-section-stretched elementor-section-full_width elementor-section-height-min-height elementor-section-height-default elementor-section-items-middle\" data-id=\"7197ba2\" data-element_type=\"section\" data-settings=\"{&quot;background_background&quot;:&quot;classic&quot;,&quot;stretch_section&quot;:&quot;section-stretched&quot;}\" data-e-bg-lazyload=\"\">\n\t\t\t\t\t\t<div class=\"elementor-container elementor-column-gap-extended\">\n\t\t\t\t\t<div class=\"elementor-column elementor-col-100 elementor-top-column elementor-element elementor-element-f09742c\" data-id=\"f09742c\" data-element_type=\"column\">\n\t\t\t<div class=\"elementor-widget-wrap elementor-element-populated\">\n\t\t\t\t\t\t\t\t<div class=\"elementor-element elementor-element-b6c10de elementor-absolute elementor-widget elementor-widget-heading\" data-id=\"b6c10de\" data-element_type=\"widget\" data-settings=\"{&quot;_position&quot;:&quot;absolute&quot;}\" data-widget_type=\"heading.default\">\n\t\t\t\t<div class=\"elementor-widget-container\">\n\t\t\t<style>\/*! elementor - v3.15.0 - 20-08-2023 *\/\n.elementor-heading-title{padding:0;margin:0;line-height:1}.elementor-widget-heading .elementor-heading-title[class*=elementor-size-]>a{color:inherit;font-size:inherit;line-height:inherit}.elementor-widget-heading .elementor-heading-title.elementor-size-small{font-size:15px}.elementor-widget-heading .elementor-heading-title.elementor-size-medium{font-size:19px}.elementor-widget-heading .elementor-heading-title.elementor-size-large{font-size:29px}.elementor-widget-heading .elementor-heading-title.elementor-size-xl{font-size:39px}.elementor-widget-heading .elementor-heading-title.elementor-size-xxl{font-size:59px}<\/style><h1 class=\"elementor-heading-title elementor-size-default\">Elena's Story<\/h1>\t\t<\/div>\n\t\t\t\t<\/div>\n\t\t\t\t\t<\/div>\n\t\t<\/div>\n\t\t\t\t\t\t\t<\/div>\n\t\t<\/section>\n\t\t\t\t<section class=\"elementor-section elementor-top-section elementor-element elementor-element-47eed19 elementor-section-full_width elementor-section-height-default elementor-section-height-default\" data-id=\"47eed19\" data-element_type=\"section\">\n\t\t\t\t\t\t<div class=\"elementor-container elementor-column-gap-no\">\n\t\t\t\t\t<div class=\"elementor-column elementor-col-100 elementor-top-column elementor-element elementor-element-db865c4\" data-id=\"db865c4\" data-element_type=\"column\">\n\t\t\t<div class=\"elementor-widget-wrap elementor-element-populated\">\n\t\t\t\t\t\t\t\t<div class=\"elementor-element elementor-element-64090be elementor-widget elementor-widget-heading\" data-id=\"64090be\" data-element_type=\"widget\" data-widget_type=\"heading.default\">\n\t\t\t\t<div class=\"elementor-widget-container\">\n\t\t\t<h2 class=\"elementor-heading-title elementor-size-default\">UN UNIVERS, UNE HISTOIRE<\/h2>\t\t<\/div>\n\t\t\t\t<\/div>\n\t\t\t\t<div class=\"elementor-element elementor-element-590f574 elementor-vertical-align-top elementor-widget elementor-widget-image-box\" data-id=\"590f574\" data-element_type=\"widget\" data-widget_type=\"image-box.default\">\n\t\t\t\t<div class=\"elementor-widget-container\">\n\t\t\t<style>\/*! elementor - v3.15.0 - 20-08-2023 *\/\n.elementor-widget-image-box .elementor-image-box-content{width:100%}@media (min-width:768px){.elementor-widget-image-box.elementor-position-left .elementor-image-box-wrapper,.elementor-widget-image-box.elementor-position-right .elementor-image-box-wrapper{display:flex}.elementor-widget-image-box.elementor-position-right .elementor-image-box-wrapper{text-align:right;flex-direction:row-reverse}.elementor-widget-image-box.elementor-position-left .elementor-image-box-wrapper{text-align:left;flex-direction:row}.elementor-widget-image-box.elementor-position-top .elementor-image-box-img{margin:auto}.elementor-widget-image-box.elementor-vertical-align-top .elementor-image-box-wrapper{align-items:flex-start}.elementor-widget-image-box.elementor-vertical-align-middle .elementor-image-box-wrapper{align-items:center}.elementor-widget-image-box.elementor-vertical-align-bottom .elementor-image-box-wrapper{align-items:flex-end}}@media (max-width:767px){.elementor-widget-image-box .elementor-image-box-img{margin-left:auto!important;margin-right:auto!important;margin-bottom:15px}}.elementor-widget-image-box .elementor-image-box-img{display:inline-block}.elementor-widget-image-box .elementor-image-box-title a{color:inherit}.elementor-widget-image-box .elementor-image-box-wrapper{text-align:center}.elementor-widget-image-box .elementor-image-box-description{margin:0}<\/style><div class=\"elementor-image-box-wrapper\"><div class=\"elementor-image-box-content\"><p class=\"elementor-image-box-description\"><span style=\"font-size: 24px;\"><strong>Elena Khmeleva<\/strong><\/span> naquit en Russie en 1966. Sa maman est m\u00e9decin et\nm\u00e9lomane, musicienne amateur, et son p\u00e8re \u00e9tait artiste peintre. Il\nn\u2019est donc pas \u00e9tonnant que dans un milieu cultiv\u00e9, intellectuel et\nartistique, son go\u00fbt pour la peinture et les arts en g\u00e9n\u00e9ral se soit r\u00e9v\u00e9l\u00e9 d\u00e8s\nson plus jeune \u00e2ge. Int\u00e9r\u00eat qu\u2019elle confirma par la suite au cours de\nbrillantes \u00e9tudes.<br><br>\n\nElle commence \u00e0 se former \u00e0 l\u2019\u00e9cole des Arts pour enfants o\u00f9 en\ndehors des arts plastiques elle s\u2019initie \u00e0 la musique.\nPuis elle poursuit ses \u00e9tudes \u00e0 l\u2019Acad\u00e9mie des Beaux Arts de Saint-P\u00e9tersbourg, et son don pour la peinture \u00e9tant \u00e9vident pour tous ses\nma\u00eetres, elle obtient la permission de suivre des cours Acad\u00e9miques\nsp\u00e9ciaux dans lesquels le principal th\u00e8me concerne la Peinture\nAcad\u00e9mique et les particularit\u00e9s du R\u00e9alisme social. Cependant elle\ns\u2019int\u00e9resse beaucoup aussi \u00e0 l\u2019impressionnisme et s\u2019adapte\nparfaitement \u00e0 toutes les traditions.\nEn m\u00eame temps Elena faisait parall\u00e8lement des \u00e9tudes d\u2019architecture.<\/p><\/div><\/div>\t\t<\/div>\n\t\t\t\t<\/div>\n\t\t\t\t\t<\/div>\n\t\t<\/div>\n\t\t\t\t\t\t\t<\/div>\n\t\t<\/section>\n\t\t<div class=\"elementor-element elementor-element-a80368e e-flex e-con-boxed e-con\" data-id=\"a80368e\" data-element_type=\"container\" data-settings=\"{&quot;content_width&quot;:&quot;boxed&quot;}\">\n\t\t\t\t\t<div class=\"e-con-inner\">\n\t\t\t\t<div class=\"elementor-element elementor-element-7ef8685 Yuri-about-1 elementor-widget elementor-widget-image\" data-id=\"7ef8685\" data-element_type=\"widget\" data-widget_type=\"image.default\">\n\t\t\t\t<div class=\"elementor-widget-container\">\n\t\t\t<style>\/*! elementor - v3.15.0 - 20-08-2023 *\/\n.elementor-widget-image{text-align:center}.elementor-widget-image a{display:inline-block}.elementor-widget-image a img[src$=\".svg\"]{width:48px}.elementor-widget-image img{vertical-align:middle;display:inline-block}<\/style>\t\t\t\t\t\t\t\t\t\t\t\t<img decoding=\"async\" src=\"https:\/\/elena-khmeleva-art.com\/wp-content\/uploads\/2023\/08\/Elena-Khmeleva-Antibes-Artiste-Peintre.jpg\" title=\"Elena Khmeleva &#8211; Antibes &#8211; Artiste Peintre\" alt=\"Elena Khmeleva - Antibes - Artiste Peintre\" loading=\"lazy\" \/>\t\t\t\t\t\t\t\t\t\t\t\t\t\t\t<\/div>\n\t\t\t\t<\/div>\n\t\t\t\t\t<\/div>\n\t\t\t\t<\/div>\n\t\t\t\t<section class=\"elementor-section elementor-top-section elementor-element elementor-element-713a875 elementor-section-full_width elementor-section-height-default elementor-section-height-default\" data-id=\"713a875\" data-element_type=\"section\">\n\t\t\t\t\t\t<div class=\"elementor-container elementor-column-gap-no\">\n\t\t\t\t\t<div class=\"elementor-column elementor-col-100 elementor-top-column elementor-element elementor-element-9d731de\" data-id=\"9d731de\" data-element_type=\"column\">\n\t\t\t<div class=\"elementor-widget-wrap elementor-element-populated\">\n\t\t\t\t\t\t\t\t<div class=\"elementor-element elementor-element-9f7c462 elementor-vertical-align-top elementor-widget elementor-widget-image-box\" data-id=\"9f7c462\" data-element_type=\"widget\" data-widget_type=\"image-box.default\">\n\t\t\t\t<div class=\"elementor-widget-container\">\n\t\t\t<div class=\"elementor-image-box-wrapper\"><div class=\"elementor-image-box-content\"><p class=\"elementor-image-box-description\">Elle \u00e9tudiera \u00e9galement \u00e0 l\u2019\u00c9cole des Beaux-Arts de Munich en 1992\npuis obtiendra son dipl\u00f4me de l\u2019Acad\u00e9mie des Beaux Arts de Saint-P\u00e9tersbourg avec la mention \u00ab Excellent \u00bb en 1994. Sa th\u00e8se de fin\nd\u2019\u00e9tudes portait sur le th\u00e8me \u00ab La synth\u00e8se de la musique et de la\npeinture \u00bb ce qui n\u2019est pas surprenant compte tenu de son exp\u00e9rience\nartistique d\u00e8s l\u2019enfance.<br><br>\nElle d\u00e9cide alors de compl\u00e9ter sa formation en rentrant \u00e0 l\u2019Atelier des\nArts Cr\u00e9atifs de l\u2019Acad\u00e9mie des Beaux-Arts en vue d\u2019 obtenir un\ndipl\u00f4me sup\u00e9rieur Acad\u00e9mique d\u2019enseignement.<br><br>\nIl est \u00e9vident qu\u2019une telle exp\u00e9rience va ressortir de multiples fa\u00e7ons\naussi bien dans les th\u00e8mes que dans la technique d\u2019Elena Khmeleva.\nElle t\u00e9moigne d\u2019un go\u00fbt constant pour l\u2019exp\u00e9rimentation et travaille\navec diff\u00e9rents mat\u00e9riaux tels que bois, papier et verre. Elle conf\u00e8re\nainsi une personnalit\u00e9 et une originalit\u00e9 sp\u00e9cifiques \u00e0 son travail.<\/p><\/div><\/div>\t\t<\/div>\n\t\t\t\t<\/div>\n\t\t\t\t\t<\/div>\n\t\t<\/div>\n\t\t\t\t\t\t\t<\/div>\n\t\t<\/section>\n\t\t<div class=\"elementor-element elementor-element-4cbacea e-flex e-con-boxed e-con\" data-id=\"4cbacea\" data-element_type=\"container\" data-settings=\"{&quot;content_width&quot;:&quot;boxed&quot;}\">\n\t\t\t\t\t<div class=\"e-con-inner\">\n\t\t\t\t<div class=\"elementor-element elementor-element-dd51abf Yuri-about-2 elementor-widget elementor-widget-image\" data-id=\"dd51abf\" data-element_type=\"widget\" data-widget_type=\"image.default\">\n\t\t\t\t<div class=\"elementor-widget-container\">\n\t\t\t\t\t\t\t\t\t\t\t\t\t\t\t<img decoding=\"async\" src=\"https:\/\/elena-khmeleva-art.com\/wp-content\/uploads\/2023\/08\/Elena-KHMELEVA-20230719_161231-scaled.jpg\" title=\"Elena KHMELEVA-20230719_161231\" alt=\"Elena KHMELEVA-20230719_161231\" loading=\"lazy\" \/>\t\t\t\t\t\t\t\t\t\t\t\t\t\t\t<\/div>\n\t\t\t\t<\/div>\n\t\t\t\t\t<\/div>\n\t\t\t\t<\/div>\n\t\t\t\t<section class=\"elementor-section elementor-top-section elementor-element elementor-element-f97d221 elementor-section-full_width elementor-section-height-default elementor-section-height-default\" data-id=\"f97d221\" data-element_type=\"section\">\n\t\t\t\t\t\t<div class=\"elementor-container elementor-column-gap-no\">\n\t\t\t\t\t<div class=\"elementor-column elementor-col-100 elementor-top-column elementor-element elementor-element-a6c51b0\" data-id=\"a6c51b0\" data-element_type=\"column\">\n\t\t\t<div class=\"elementor-widget-wrap elementor-element-populated\">\n\t\t\t\t\t\t\t\t<div class=\"elementor-element elementor-element-3071e4d elementor-vertical-align-top elementor-widget elementor-widget-image-box\" data-id=\"3071e4d\" data-element_type=\"widget\" data-widget_type=\"image-box.default\">\n\t\t\t\t<div class=\"elementor-widget-container\">\n\t\t\t<div class=\"elementor-image-box-wrapper\"><div class=\"elementor-image-box-content\"><p class=\"elementor-image-box-description\">\"Je suis une Artiste Peintre contemporaine reconnue pour ses peintures figuratives aux couleurs vives.\"<br><br>\n\n\u2014ELENA KHMELEVA<\/p><\/div><\/div>\t\t<\/div>\n\t\t\t\t<\/div>\n\t\t\t\t\t<\/div>\n\t\t<\/div>\n\t\t\t\t\t\t\t<\/div>\n\t\t<\/section>\n\t\t\t\t<section class=\"elementor-section elementor-top-section elementor-element elementor-element-01caa2e elementor-section-full_width elementor-section-height-default elementor-section-height-default\" data-id=\"01caa2e\" data-element_type=\"section\">\n\t\t\t\t\t\t<div class=\"elementor-container elementor-column-gap-no\">\n\t\t\t\t\t<div class=\"elementor-column elementor-col-100 elementor-top-column elementor-element elementor-element-a24bd5f\" data-id=\"a24bd5f\" data-element_type=\"column\">\n\t\t\t<div class=\"elementor-widget-wrap elementor-element-populated\">\n\t\t\t\t\t\t\t\t<div class=\"elementor-element elementor-element-c41b16c elementor-vertical-align-top elementor-widget elementor-widget-image-box\" data-id=\"c41b16c\" data-element_type=\"widget\" data-widget_type=\"image-box.default\">\n\t\t\t\t<div class=\"elementor-widget-container\">\n\t\t\t<div class=\"elementor-image-box-wrapper\"><div class=\"elementor-image-box-content\"><p class=\"elementor-image-box-description\">Les sujets principaux de ses \u0153uvres sont la Musique, la Femme,\nl\u2019Homme, et le milieu humain. Les variations de son style se d\u00e9roulent\nsur diff\u00e9rentes p\u00e9riodes qui ne sont pas exclusives l\u2019une de l autre et\nl\u2019on rencontre aussi bien une sophistication extr\u00eame dans des portraits\nde femmes tr\u00e8s stylis\u00e9es, que la fra\u00eecheur de sc\u00e8nes d\u2019enfants ou la\nna\u00efvet\u00e9 de paysages typiquement Russes.<br><br>\nTout en gardant \u00e0 l\u2019esprit le c\u00f4t\u00e9 conventionnel d\u2019un classement\ncritique, on peut distinguer chez Elena Khmeleva trois p\u00e9riodes :<br><br>\n<u><b>La p\u00e9riode <\/b><\/u><u>\u00ab R<\/u><u><b>ose <\/b><\/u><u>\u00bb<\/u> :\n<br>\nElle est caract\u00e9ris\u00e9e par des sc\u00e8nes bucoliques ou juv\u00e9niles o\u00f9 sont\nd\u00e9peints des enfants, des jeunes filles, des ballerines traduisant une\nambiance de fra\u00eecheur et de douceur par l\u2019utilisation, en particulier, de\ncouleurs tendres \u00e0 la limite du pastel (bleu, rose).<br><br>\n<b><u>La p\u00e9riode \u00ab Art Nouveau \u00bb<\/u><\/b> :<br>\nA partir de 2004 on trouve chez Elena Khmeleva un style plus marqu\u00e9\nmettant en sc\u00e8ne des femmes belles, grandes, minces, d\u00e9gageant une\nimpression de richesse et de sensualit\u00e9 dans des compositions souvent\nassoci\u00e9es \u00e0 la musique, rappelant un peu la p\u00e9riode Art nouveau de\nVienne avec des r\u00e9miniscences de peintres symbolistes comme\nGustave Klimt.<br><br>\n<u><b>La p\u00e9riode \u00ab Cubiste \u00bb<\/b><\/u> :\nA partir de 2007 nous voyons la pr\u00e9dominance des traditions cubistes\ndans la peinture d'Elena.<br><br><u>La p\u00e9riode \u00ab Surr\u00e9aliste \u00bb<\/u> :<\/p><\/div><\/div>\t\t<\/div>\n\t\t\t\t<\/div>\n\t\t\t\t\t<\/div>\n\t\t<\/div>\n\t\t\t\t\t\t\t<\/div>\n\t\t<\/section>\n\t\t<div class=\"elementor-element elementor-element-f720c0d e-flex e-con-boxed e-con\" data-id=\"f720c0d\" data-element_type=\"container\" data-settings=\"{&quot;content_width&quot;:&quot;boxed&quot;}\">\n\t\t\t\t\t<div class=\"e-con-inner\">\n\t\t\t\t<div class=\"elementor-element elementor-element-2768e4c Yuri-about-2 elementor-widget elementor-widget-image\" data-id=\"2768e4c\" data-element_type=\"widget\" data-widget_type=\"image.default\">\n\t\t\t\t<div class=\"elementor-widget-container\">\n\t\t\t\t\t\t\t\t\t\t\t\t\t\t\t<img decoding=\"async\" src=\"https:\/\/elena-khmeleva-art.com\/wp-content\/uploads\/2023\/08\/Elena-KHMELEVA-20230622_161334-scaled.jpg\" title=\"Elena KHMELEVA-20230622_161334\" alt=\"Elena KHMELEVA-20230622_161334\" loading=\"lazy\" \/>\t\t\t\t\t\t\t\t\t\t\t\t\t\t\t<\/div>\n\t\t\t\t<\/div>\n\t\t\t\t\t<\/div>\n\t\t\t\t<\/div>\n\t\t\t\t<section class=\"elementor-section elementor-top-section elementor-element elementor-element-ab881af elementor-section-full_width elementor-section-height-default elementor-section-height-default\" data-id=\"ab881af\" data-element_type=\"section\">\n\t\t\t\t\t\t<div class=\"elementor-container elementor-column-gap-no\">\n\t\t\t\t\t<div class=\"elementor-column elementor-col-100 elementor-top-column elementor-element elementor-element-40ce8e1\" data-id=\"40ce8e1\" data-element_type=\"column\">\n\t\t\t<div class=\"elementor-widget-wrap elementor-element-populated\">\n\t\t\t\t\t\t\t\t<div class=\"elementor-element elementor-element-acc0da8 elementor-vertical-align-top elementor-widget elementor-widget-image-box\" data-id=\"acc0da8\" data-element_type=\"widget\" data-widget_type=\"image-box.default\">\n\t\t\t\t<div class=\"elementor-widget-container\">\n\t\t\t<div class=\"elementor-image-box-wrapper\"><div class=\"elementor-image-box-content\"><p class=\"elementor-image-box-description\">Elena Khmeleva s\u2019est \u00e9tablie en France en 2007 date \u00e0 laquelle elle\ns\u2019inscrivit \u00e0 la Maison des Artistes Fran\u00e7ais et rien de surprenant \u00e0 ce\nque notre artiste soit venu y retrouver des racines artistiques et\nculturelles. La France lui a paru \u00e9galement un endroit dont le\nrayonnement mondial lui permettait de mieux se faire conna\u00eetre. Elena\ntravaille maintenant dans son Atelier \u00e0 Antibes.<br><br>\nIl est \u00e9vident qu\u2019un talent comme celui d\u2019Elena Khmeleva \u00e9tait vou\u00e9 \u00e0\nune large reconnaissance d\u00e9passant les fronti\u00e8res de son pays\nd\u2019origine.En 1992 elle y re\u00e7ut une prime d\u2019honneur pour apport\nimportant dans le domaine des \u0153uvres artistiques puis participa \u00e0 de\nnombreuses expositions comme par exemple au Mus\u00e9e de l\u2019Histoire\nde Saint-P\u00e9tersbourg o\u00f9 ses \u0153uvres font partie des collections ainsi\nque de celles du Mus\u00e9e Scientifique de l\u2019Acad\u00e9mie des Beaux-Arts.<br><br>\nElena Khmeleva a \u00e9galement pris part \u00e0 beaucoup d\u2019expositions en\nEurope. Pour n\u2019en citer que quelques unes :<br><br>\nA Munich celle des Jeunes Artistes de Saint-P\u00e9tersbourg ;\nA l\u2019Exposition des jeunes peintres organis\u00e9e \u00e0 L\u2019UNESCO \u00e0 Paris ;\nExposition au Dulwich College \u00e0 Londres ;\nFoire automnale des Arts \u00e0 Londres;\nExpositions \u00e0 Bruxelles et de nombreuses villes Fran\u00e7aises : Paris,\nBrest, Lyon, Nantes, Bordeaux, Rouen, Grenoble etc...<br><br>\nInd\u00e9pendamment de celles d\u00e9j\u00e0 cit\u00e9es, ses \u0153uvres font partie des\ncollections suivantes :<br>\nMus\u00e9e d\u2019Acad\u00e9mie de Beaux-Arts de Saint-P\u00e9tersbourg (Russie) ;\nMus\u00e9e de l'Histoire de Saint-P\u00e9tersbourg (Russie) ;\nBridgeman Art Library \u00e0 Londres (Grande Bretagne) ;\nAssociation des Artistes de Saint-P\u00e9tersbourg (Russie) ;\nAdult and Community College de Richmond (Grande Bretagne) ;\nGalerie \u00ab N.B.\u00bb \u00e0 Paris (France) ;\net ce sans compter de nombreuses collections priv\u00e9es en GrandeBretagne, France, Allemagne, U.S.A., Suisse, Australie, Espagne,\nSu\u00e8de, Belgique, Pays-Bas etc\u2026.<br><br>\nLes \u0153uvres d\u2019Elena Khmeleva qui allie les meilleures traditions de\nl\u2019Art Russe et des \u00c9coles de peinture europ\u00e9ennes, comme on le voit,\nlargement reconnue en Europe et dans le monde entier.\nElle est r\u00e9f\u00e9renc\u00e9e et cot\u00e9e dans diff\u00e9rents guides d\u2019art officiels tels\nque AKOUN ou ARTPRICE. Cote tr\u00e8s soutenue en Salles des Ventes\n(3539 USD en 2006 aux ench\u00e8res de Christie\u2019s).<\/p><\/div><\/div>\t\t<\/div>\n\t\t\t\t<\/div>\n\t\t\t\t\t<\/div>\n\t\t<\/div>\n\t\t\t\t\t\t\t<\/div>\n\t\t<\/section>\n\t\t<div class=\"elementor-element elementor-element-4243545 e-flex e-con-boxed e-con\" data-id=\"4243545\" data-element_type=\"container\" data-settings=\"{&quot;content_width&quot;:&quot;boxed&quot;}\">\n\t\t\t\t\t<div class=\"e-con-inner\">\n\t\t\t\t<div class=\"elementor-element elementor-element-888036d Yuri-about-2 elementor-widget elementor-widget-image\" data-id=\"888036d\" data-element_type=\"widget\" data-widget_type=\"image.default\">\n\t\t\t\t<div class=\"elementor-widget-container\">\n\t\t\t\t\t\t\t\t\t\t\t\t\t\t\t<img decoding=\"async\" src=\"https:\/\/elena-khmeleva-art.com\/wp-content\/uploads\/2023\/08\/Elena-Khmeleva-Antibes-Artiste-Peintre-a-propos.jpg\" title=\"Elena-Khmeleva-Antibes-Artiste-Peintre-a-propos\" alt=\"Elena-Khmeleva-Antibes-Artiste-Peintre-a-propos\" loading=\"lazy\" \/>\t\t\t\t\t\t\t\t\t\t\t\t\t\t\t<\/div>\n\t\t\t\t<\/div>\n\t\t\t\t\t<\/div>\n\t\t\t\t<\/div>\n\t\t\t\t\t\t\t<\/div>\n\t\t","protected":false},"excerpt":{"rendered":"<p>Elena&rsquo;s Story UN UNIVERS, UNE HISTOIRE Elena Khmeleva naquit en Russie en 1966. Sa maman est m\u00e9decin et m\u00e9lomane, musicienne amateur, et son p\u00e8re \u00e9tait artiste peintre. Il n\u2019est donc pas \u00e9tonnant que dans un milieu cultiv\u00e9, intellectuel et artistique, son go\u00fbt pour la peinture et les arts en g\u00e9n\u00e9ral se soit r\u00e9v\u00e9l\u00e9 d\u00e8s son [&hellip;]<\/p>\n","protected":false},"author":1,"featured_media":0,"parent":0,"menu_order":0,"comment_status":"closed","ping_status":"closed","template":"","meta":{"om_disable_all_campaigns":false,"_mi_skip_tracking":false,"_monsterinsights_sitenote_active":false,"_monsterinsights_sitenote_note":"","_monsterinsights_sitenote_category":0,"site-sidebar-layout":"no-sidebar","site-content-layout":"page-builder","ast-site-content-layout":"default","site-content-style":"default","site-sidebar-style":"default","ast-global-header-display":"","ast-banner-title-visibility":"","ast-main-header-display":"","ast-hfb-above-header-display":"","ast-hfb-below-header-display":"","ast-hfb-mobile-header-display":"","site-post-title":"disabled","ast-breadcrumbs-content":"","ast-featured-img":"disabled","footer-sml-layout":"","theme-transparent-header-meta":"enabled","adv-header-id-meta":"","stick-header-meta":"","header-above-stick-meta":"","header-main-stick-meta":"","header-below-stick-meta":"","astra-migrate-meta-layouts":"default","ast-page-background-enabled":"default","ast-page-background-meta":{"desktop":{"background-color":"var(--ast-global-color-4)","background-image":"","background-repeat":"repeat","background-position":"center center","background-size":"auto","background-attachment":"scroll","background-type":"","background-media":"","overlay-type":"","overlay-color":"","overlay-opacity":"","overlay-gradient":""},"tablet":{"background-color":"","background-image":"","background-repeat":"repeat","background-position":"center center","background-size":"auto","background-attachment":"scroll","background-type":"","background-media":"","overlay-type":"","overlay-color":"","overlay-opacity":"","overlay-gradient":""},"mobile":{"background-color":"","background-image":"","background-repeat":"repeat","background-position":"center center","background-size":"auto","background-attachment":"scroll","background-type":"","background-media":"","overlay-type":"","overlay-color":"","overlay-opacity":"","overlay-gradient":""}},"ast-content-background-meta":{"desktop":{"background-color":"var(--ast-global-color-5)","background-image":"","background-repeat":"repeat","background-position":"center center","background-size":"auto","background-attachment":"scroll","background-type":"","background-media":"","overlay-type":"","overlay-color":"","overlay-opacity":"","overlay-gradient":""},"tablet":{"background-color":"var(--ast-global-color-5)","background-image":"","background-repeat":"repeat","background-position":"center center","background-size":"auto","background-attachment":"scroll","background-type":"","background-media":"","overlay-type":"","overlay-color":"","overlay-opacity":"","overlay-gradient":""},"mobile":{"background-color":"var(--ast-global-color-5)","background-image":"","background-repeat":"repeat","background-position":"center center","background-size":"auto","background-attachment":"scroll","background-type":"","background-media":"","overlay-type":"","overlay-color":"","overlay-opacity":"","overlay-gradient":""}},"footnotes":""},"folder":[],"class_list":["post-546","page","type-page","status-publish","hentry"],"aioseo_notices":[],"_links":{"self":[{"href":"https:\/\/elena-khmeleva-art.com\/index.php\/wp-json\/wp\/v2\/pages\/546","targetHints":{"allow":["GET"]}}],"collection":[{"href":"https:\/\/elena-khmeleva-art.com\/index.php\/wp-json\/wp\/v2\/pages"}],"about":[{"href":"https:\/\/elena-khmeleva-art.com\/index.php\/wp-json\/wp\/v2\/types\/page"}],"author":[{"embeddable":true,"href":"https:\/\/elena-khmeleva-art.com\/index.php\/wp-json\/wp\/v2\/users\/1"}],"replies":[{"embeddable":true,"href":"https:\/\/elena-khmeleva-art.com\/index.php\/wp-json\/wp\/v2\/comments?post=546"}],"version-history":[{"count":350,"href":"https:\/\/elena-khmeleva-art.com\/index.php\/wp-json\/wp\/v2\/pages\/546\/revisions"}],"predecessor-version":[{"id":4240,"href":"https:\/\/elena-khmeleva-art.com\/index.php\/wp-json\/wp\/v2\/pages\/546\/revisions\/4240"}],"wp:attachment":[{"href":"https:\/\/elena-khmeleva-art.com\/index.php\/wp-json\/wp\/v2\/media?parent=546"}],"wp:term":[{"taxonomy":"folder","embeddable":true,"href":"https:\/\/elena-khmeleva-art.com\/index.php\/wp-json\/wp\/v2\/folder?post=546"}],"curies":[{"name":"wp","href":"https:\/\/api.w.org\/{rel}","templated":true}]}}